{"id":5808,"date":"2025-05-27T07:17:31","date_gmt":"2025-05-27T05:17:31","guid":{"rendered":"https:\/\/liceulfinlandez.ro\/shop\/?post_type=product&#038;p=5808"},"modified":"2025-10-18T13:56:23","modified_gmt":"2025-10-18T11:56:23","slug":"parinti-si-adolescenti-conectati","status":"publish","type":"product","link":"https:\/\/liceulfinlandez.ro\/shop\/produs\/parinti-si-adolescenti-conectati\/","title":{"rendered":"Jocul Conectat: P\u0103rin\u021bi \u0219i Adolescen\u021bi Conecta\u021bi"},"content":{"rendered":"<p>Dragi p\u0103rin\u021bi, dragi adolescen\u021bi, acest joc este o scuz\u0103 sau un instrument. Scopul s\u0103u este conectarea: cu voi, \u00eentre voi \u0219i pentru viitor. Un g\u00e2nd pentru voi, dragi p\u0103rin\u021bi: nu folosi\u021bi acest joc ca o platform\u0103 pentru predici \u0219i morale argumentate. Iar voi, adolescen\u021bi minuna\u021bi, nu lua\u021bi la mi\u0219to aceste momente. Promit c\u0103 au poten\u021bialul de a deveni memorabile.<\/p>\n<p>Acas\u0103, \u00een ma\u0219in\u0103, la cafenea, \u00een curte, la o plimbare de sear\u0103, acest joc poate fi folosit, f\u0103r\u0103 preg\u0103tire prea intens\u0103 \u0219i promit c\u0103 se va derula singur, pentru voi.<br \/>\nCartona\u0219ele de joc sunt \u00eemp\u0103r\u021bite pe categorii diverse: de la discu\u021bii amuzante p\u00e2n\u0103 la cele de suflet \u0219i pentru suflet.<\/p>\n<p>Cartona\u0219ele sunt realizate astfel: p\u0103rintele extrage o \u00eentrebare din cartona\u0219ele pentru adolescen\u021bi \u0219i viceversa.<\/p>\n<p>Exist\u0103 o singur\u0103 regul\u0103: dac\u0103 unul dintre participan\u021bi a r\u0103spuns la \u00eentrebarea adresat\u0103, are dreptul s\u0103 solicite \u0219i partenerului de joc acela\u0219i lucru &#8211; fie cu acel cartona\u0219,\u00a0fie\u00a0cu\u00a0altul.<\/p>\n","protected":false},"excerpt":{"rendered":"<p>Un joc care leag\u0103 inimile adolescen\u021bilor \u0219i ale p\u0103rin\u021bilor, prin conectare autentic\u0103.<\/p>\n","protected":false},"author":67,"featured_media":8388,"template":"","meta":{"site-sidebar-layout":"default","site-content-layout":"","ast-site-content-layout":"default","site-content-style":"default","site-sidebar-style":"default","ast-global-header-display":"","ast-banner-title-visibility":"","ast-main-header-display":"","ast-hfb-above-header-display":"","ast-hfb-below-header-display":"","ast-hfb-mobile-header-display":"","site-post-title":"","ast-breadcrumbs-content":"","ast-featured-img":"","footer-sml-layout":"","ast-disable-related-posts":"","theme-transparent-header-meta":"default","adv-header-id-meta":"","stick-header-meta":"","header-above-stick-meta":"","header-main-stick-meta":"","header-below-stick-meta":"","astra-migrate-meta-layouts":"set","ast-page-background-enabled":"default","ast-page-background-meta":{"desktop":{"background-color":"var(--ast-global-color-4)","background-image":"","background-repeat":"repeat","background-position":"center center","background-size":"auto","background-attachment":"scroll","background-type":"","background-media":"","overlay-type":"","overlay-color":"","overlay-opacity":"","overlay-gradient":""},"tablet":{"background-color":"","background-image":"","background-repeat":"repeat","background-position":"center center","background-size":"auto","background-attachment":"scroll","background-type":"","background-media":"","overlay-type":"","overlay-color":"","overlay-opacity":"","overlay-gradient":""},"mobile":{"background-color":"","background-image":"","background-repeat":"repeat","background-position":"center center","background-size":"auto","background-attachment":"scroll","background-type":"","background-media":"","overlay-type":"","overlay-color":"","overlay-opacity":"","overlay-gradient":""}},"ast-content-background-meta":{"desktop":{"background-color":"var(--ast-global-color-5)","background-image":"","background-repeat":"repeat","background-position":"center center","background-size":"auto","background-attachment":"scroll","background-type":"","background-media":"","overlay-type":"","overlay-color":"","overlay-opacity":"","overlay-gradient":""},"tablet":{"background-color":"var(--ast-global-color-5)","background-image":"","background-repeat":"repeat","background-position":"center center","background-size":"auto","background-attachment":"scroll","background-type":"","background-media":"","overlay-type":"","overlay-color":"","overlay-opacity":"","overlay-gradient":""},"mobile":{"background-color":"var(--ast-global-color-5)","background-image":"","background-repeat":"repeat","background-position":"center center","background-size":"auto","background-attachment":"scroll","background-type":"","background-media":"","overlay-type":"","overlay-color":"","overlay-opacity":"","overlay-gradient":""}}},"product_brand":[],"product_cat":[40],"product_tag":[],"class_list":{"0":"post-5808","1":"product","2":"type-product","3":"status-publish","4":"has-post-thumbnail","6":"product_cat-jocuri","7":"product_shipping_class-pachete-usoare","8":"desktop-align-left","9":"tablet-align-left","10":"mobile-align-left","12":"first","13":"instock","14":"purchasable","15":"product-type-simple"},"aioseo_notices":[],"_links":{"self":[{"href":"https:\/\/liceulfinlandez.ro\/shop\/wp-json\/wp\/v2\/product\/5808","targetHints":{"allow":["GET"]}}],"collection":[{"href":"https:\/\/liceulfinlandez.ro\/shop\/wp-json\/wp\/v2\/product"}],"about":[{"href":"https:\/\/liceulfinlandez.ro\/shop\/wp-json\/wp\/v2\/types\/product"}],"author":[{"embeddable":true,"href":"https:\/\/liceulfinlandez.ro\/shop\/wp-json\/wp\/v2\/users\/67"}],"wp:featuredmedia":[{"embeddable":true,"href":"https:\/\/liceulfinlandez.ro\/shop\/wp-json\/wp\/v2\/media\/8388"}],"wp:attachment":[{"href":"https:\/\/liceulfinlandez.ro\/shop\/wp-json\/wp\/v2\/media?parent=5808"}],"wp:term":[{"taxonomy":"product_brand","embeddable":true,"href":"https:\/\/liceulfinlandez.ro\/shop\/wp-json\/wp\/v2\/product_brand?post=5808"},{"taxonomy":"product_cat","embeddable":true,"href":"https:\/\/liceulfinlandez.ro\/shop\/wp-json\/wp\/v2\/product_cat?post=5808"},{"taxonomy":"product_tag","embeddable":true,"href":"https:\/\/liceulfinlandez.ro\/shop\/wp-json\/wp\/v2\/product_tag?post=5808"}],"curies":[{"name":"wp","href":"https:\/\/api.w.org\/{rel}","templated":true}]}}