{"id":5106,"date":"2025-05-21T14:43:50","date_gmt":"2025-05-21T12:43:50","guid":{"rendered":"https:\/\/liceulfinlandez.ro\/shop\/?post_type=product&#038;p=5106"},"modified":"2026-04-20T11:54:38","modified_gmt":"2026-04-20T09:54:38","slug":"joc-conectat","status":"publish","type":"product","link":"https:\/\/liceulfinlandez.ro\/shop\/produs\/joc-conectat\/","title":{"rendered":"Jocul Conectat #1"},"content":{"rendered":"<p>Descoper\u0103 \u00eentreb\u0103ri care te ajut\u0103 s\u0103 te conectezi cu tine \u00eensu\u021bi\/\u00eens\u0103\u021bi, cu ceilal\u021bi, cu viitorul t\u0103u, dar \u0219i cu procesul de \u00eenv\u0103\u021bare continu\u0103.<br \/>\nFiecare \u00eentrebare este o invita\u021bie de a explora, de a cre\u0219te \u0219i de a crea leg\u0103turi autentice pe drumul vie\u021bii.<\/p>\n<p>Spor la conectat!<\/p>\n","protected":false},"excerpt":{"rendered":"<p>Un set de cartona\u0219e pentru momentele de reflec\u021bie profund\u0103.<\/p>\n","protected":false},"author":67,"featured_media":5111,"template":"","meta":{"site-sidebar-layout":"default","site-content-layout":"","ast-site-content-layout":"default","site-content-style":"default","site-sidebar-style":"default","ast-global-header-display":"","ast-banner-title-visibility":"","ast-main-header-display":"","ast-hfb-above-header-display":"","ast-hfb-below-header-display":"","ast-hfb-mobile-header-display":"","site-post-title":"","ast-breadcrumbs-content":"","ast-featured-img":"","footer-sml-layout":"","ast-disable-related-posts":"","theme-transparent-header-meta":"default","adv-header-id-meta":"","stick-header-meta":"","header-above-stick-meta":"","header-main-stick-meta":"","header-below-stick-meta":"","astra-migrate-meta-layouts":"set","ast-page-background-enabled":"default","ast-page-background-meta":{"desktop":{"background-color":"var(--ast-global-color-4)","background-image":"","background-repeat":"repeat","background-position":"center center","background-size":"auto","background-attachment":"scroll","background-type":"","background-media":"","overlay-type":"","overlay-color":"","overlay-opacity":"","overlay-gradient":""},"tablet":{"background-color":"","background-image":"","background-repeat":"repeat","background-position":"center center","background-size":"auto","background-attachment":"scroll","background-type":"","background-media":"","overlay-type":"","overlay-color":"","overlay-opacity":"","overlay-gradient":""},"mobile":{"background-color":"","background-image":"","background-repeat":"repeat","background-position":"center center","background-size":"auto","background-attachment":"scroll","background-type":"","background-media":"","overlay-type":"","overlay-color":"","overlay-opacity":"","overlay-gradient":""}},"ast-content-background-meta":{"desktop":{"background-color":"var(--ast-global-color-5)","background-image":"","background-repeat":"repeat","background-position":"center center","background-size":"auto","background-attachment":"scroll","background-type":"","background-media":"","overlay-type":"","overlay-color":"","overlay-opacity":"","overlay-gradient":""},"tablet":{"background-color":"var(--ast-global-color-5)","background-image":"","background-repeat":"repeat","background-position":"center center","background-size":"auto","background-attachment":"scroll","background-type":"","background-media":"","overlay-type":"","overlay-color":"","overlay-opacity":"","overlay-gradient":""},"mobile":{"background-color":"var(--ast-global-color-5)","background-image":"","background-repeat":"repeat","background-position":"center center","background-size":"auto","background-attachment":"scroll","background-type":"","background-media":"","overlay-type":"","overlay-color":"","overlay-opacity":"","overlay-gradient":""}}},"product_brand":[],"product_cat":[40],"product_tag":[],"class_list":{"0":"post-5106","1":"product","2":"type-product","3":"status-publish","4":"has-post-thumbnail","6":"product_cat-jocuri","7":"product_shipping_class-pachete-usoare","8":"desktop-align-left","9":"tablet-align-left","10":"mobile-align-left","12":"first","13":"outofstock","14":"purchasable","15":"product-type-simple"},"aioseo_notices":[],"_links":{"self":[{"href":"https:\/\/liceulfinlandez.ro\/shop\/wp-json\/wp\/v2\/product\/5106","targetHints":{"allow":["GET"]}}],"collection":[{"href":"https:\/\/liceulfinlandez.ro\/shop\/wp-json\/wp\/v2\/product"}],"about":[{"href":"https:\/\/liceulfinlandez.ro\/shop\/wp-json\/wp\/v2\/types\/product"}],"author":[{"embeddable":true,"href":"https:\/\/liceulfinlandez.ro\/shop\/wp-json\/wp\/v2\/users\/67"}],"wp:featuredmedia":[{"embeddable":true,"href":"https:\/\/liceulfinlandez.ro\/shop\/wp-json\/wp\/v2\/media\/5111"}],"wp:attachment":[{"href":"https:\/\/liceulfinlandez.ro\/shop\/wp-json\/wp\/v2\/media?parent=5106"}],"wp:term":[{"taxonomy":"product_brand","embeddable":true,"href":"https:\/\/liceulfinlandez.ro\/shop\/wp-json\/wp\/v2\/product_brand?post=5106"},{"taxonomy":"product_cat","embeddable":true,"href":"https:\/\/liceulfinlandez.ro\/shop\/wp-json\/wp\/v2\/product_cat?post=5106"},{"taxonomy":"product_tag","embeddable":true,"href":"https:\/\/liceulfinlandez.ro\/shop\/wp-json\/wp\/v2\/product_tag?post=5106"}],"curies":[{"name":"wp","href":"https:\/\/api.w.org\/{rel}","templated":true}]}}