{"id":5098,"date":"2025-05-21T14:28:23","date_gmt":"2025-05-21T12:28:23","guid":{"rendered":"https:\/\/liceulfinlandez.ro\/shop\/?post_type=product&#038;p=5098"},"modified":"2025-06-18T10:28:25","modified_gmt":"2025-06-18T08:28:25","slug":"jocul-diriginti-conectati","status":"publish","type":"product","link":"https:\/\/liceulfinlandez.ro\/shop\/produs\/jocul-diriginti-conectati\/","title":{"rendered":"Jocul Conectat: Dirigin\u021bi CONECTA\u021aI"},"content":{"rendered":"<p>Pornind de la ideea c\u0103 nu \u00eentotdeauna ne dorim problema rezolvat\u0103, ci de mai multe ori s\u0103 ne facem povestea auzit\u0103, te invit la conectare: cu elevii t\u0103i, cu copiii de acas\u0103, de ce nu: chiar cu colegii t\u0103i.<\/p>\n<p>Pentru toate momentele de lini\u0219te \u0219i de emo\u021bie c\u00e2nd nu \u0219tii ce s\u0103-i (mai) \u00eentrebi, ai la dispozi\u021bie aceste idei.<\/p>\n<p>Unde \u00eel folosim?<br \/>\n\u00cen \u00eent\u00e2lniri individuale sau la orele de dirigen\u021bie. St\u0103m la pove\u0219ti! Cu o cafea, un ceai, un dulce sau nimic.<\/p>\n<p>Important! Nu facem interven\u021bie terapeutic\u0103, nu d\u0103m buzna peste sufletele lor, nu folosim acest timp pentru a asculta despre ceilal\u021bi elevi sau pentru a ne rezolva problemele administrative ale clasei.<\/p>\n<p>O \u00eentrebare care nu are voie s\u0103 lipseasc\u0103 niciodat\u0103 din aceste \u00eent\u00e2lniri este: Cum pot fi al\u0103turi de tine?<\/p>\n<p>Este incredibil cum evolueaz\u0103 r\u0103spunsurile lor de la debutul ciclului de studiu p\u00e2n\u0103 la final!<\/p>\n<p>G\u00e2ndul pentru tine:<\/p>\n<p>\u00ce\u021bi dai seama cam cum ar ar\u0103ta Rom\u00e2nia noastr\u0103 dac\u0103 tot mai mul\u021bi dirigin\u021bi \u0219i-ar alege aceast\u0103 meserie \u0219tiind ce poten\u021bial au de a schimba vie\u021bi prin a crea pun\u021bi de leg\u0103tur\u0103 peste destine pentru elevii lor&#8230;<\/p>\n<p>Spor\u00a0la\u00a0conectare!<\/p>\n","protected":false},"excerpt":{"rendered":"<p>100+ de \u00eentreb\u0103ri pe care s\u0103 le pui elevilor \u00eentr-o genera\u021bie<\/p>\n","protected":false},"author":67,"featured_media":5099,"template":"","meta":{"site-sidebar-layout":"default","site-content-layout":"","ast-site-content-layout":"default","site-content-style":"default","site-sidebar-style":"default","ast-global-header-display":"","ast-banner-title-visibility":"","ast-main-header-display":"","ast-hfb-above-header-display":"","ast-hfb-below-header-display":"","ast-hfb-mobile-header-display":"","site-post-title":"","ast-breadcrumbs-content":"","ast-featured-img":"","footer-sml-layout":"","ast-disable-related-posts":"","theme-transparent-header-meta":"default","adv-header-id-meta":"","stick-header-meta":"","header-above-stick-meta":"","header-main-stick-meta":"","header-below-stick-meta":"","astra-migrate-meta-layouts":"set","ast-page-background-enabled":"default","ast-page-background-meta":{"desktop":{"background-color":"var(--ast-global-color-4)","background-image":"","background-repeat":"repeat","background-position":"center center","background-size":"auto","background-attachment":"scroll","background-type":"","background-media":"","overlay-type":"","overlay-color":"","overlay-opacity":"","overlay-gradient":""},"tablet":{"background-color":"","background-image":"","background-repeat":"repeat","background-position":"center center","background-size":"auto","background-attachment":"scroll","background-type":"","background-media":"","overlay-type":"","overlay-color":"","overlay-opacity":"","overlay-gradient":""},"mobile":{"background-color":"","background-image":"","background-repeat":"repeat","background-position":"center center","background-size":"auto","background-attachment":"scroll","background-type":"","background-media":"","overlay-type":"","overlay-color":"","overlay-opacity":"","overlay-gradient":""}},"ast-content-background-meta":{"desktop":{"background-color":"var(--ast-global-color-5)","background-image":"","background-repeat":"repeat","background-position":"center center","background-size":"auto","background-attachment":"scroll","background-type":"","background-media":"","overlay-type":"","overlay-color":"","overlay-opacity":"","overlay-gradient":""},"tablet":{"background-color":"var(--ast-global-color-5)","background-image":"","background-repeat":"repeat","background-position":"center center","background-size":"auto","background-attachment":"scroll","background-type":"","background-media":"","overlay-type":"","overlay-color":"","overlay-opacity":"","overlay-gradient":""},"mobile":{"background-color":"var(--ast-global-color-5)","background-image":"","background-repeat":"repeat","background-position":"center center","background-size":"auto","background-attachment":"scroll","background-type":"","background-media":"","overlay-type":"","overlay-color":"","overlay-opacity":"","overlay-gradient":""}}},"product_brand":[],"product_cat":[40],"product_tag":[],"class_list":{"0":"post-5098","1":"product","2":"type-product","3":"status-publish","4":"has-post-thumbnail","6":"product_cat-jocuri","7":"product_shipping_class-pachete-usoare","8":"desktop-align-left","9":"tablet-align-left","10":"mobile-align-left","12":"first","13":"instock","14":"purchasable","15":"product-type-simple"},"aioseo_notices":[],"_links":{"self":[{"href":"https:\/\/liceulfinlandez.ro\/shop\/wp-json\/wp\/v2\/product\/5098","targetHints":{"allow":["GET"]}}],"collection":[{"href":"https:\/\/liceulfinlandez.ro\/shop\/wp-json\/wp\/v2\/product"}],"about":[{"href":"https:\/\/liceulfinlandez.ro\/shop\/wp-json\/wp\/v2\/types\/product"}],"author":[{"embeddable":true,"href":"https:\/\/liceulfinlandez.ro\/shop\/wp-json\/wp\/v2\/users\/67"}],"wp:featuredmedia":[{"embeddable":true,"href":"https:\/\/liceulfinlandez.ro\/shop\/wp-json\/wp\/v2\/media\/5099"}],"wp:attachment":[{"href":"https:\/\/liceulfinlandez.ro\/shop\/wp-json\/wp\/v2\/media?parent=5098"}],"wp:term":[{"taxonomy":"product_brand","embeddable":true,"href":"https:\/\/liceulfinlandez.ro\/shop\/wp-json\/wp\/v2\/product_brand?post=5098"},{"taxonomy":"product_cat","embeddable":true,"href":"https:\/\/liceulfinlandez.ro\/shop\/wp-json\/wp\/v2\/product_cat?post=5098"},{"taxonomy":"product_tag","embeddable":true,"href":"https:\/\/liceulfinlandez.ro\/shop\/wp-json\/wp\/v2\/product_tag?post=5098"}],"curies":[{"name":"wp","href":"https:\/\/api.w.org\/{rel}","templated":true}]}}