{"id":21248,"date":"2026-04-23T14:34:45","date_gmt":"2026-04-23T12:34:45","guid":{"rendered":"https:\/\/liceulfinlandez.ro\/shop\/?post_type=product&#038;p=21248"},"modified":"2026-04-23T14:34:45","modified_gmt":"2026-04-23T12:34:45","slug":"carte-profesorul-adaptabil-vremurilor","status":"publish","type":"product","link":"https:\/\/liceulfinlandez.ro\/shop\/produs\/carte-profesorul-adaptabil-vremurilor\/","title":{"rendered":"Carte: &#8220;Profesorul adaptabil vremurilor&#8221;"},"content":{"rendered":"<p>Profesorul adaptabil vremurilor<br \/>\nAutor: Prof. Alina Gava<\/p>\n<p>Un ghid de bune practici care ofer\u0103 sprijin real profesorilor (\u0219i p\u0103rin\u021bilor) \u00een activitatea de zi cu zi, prin idei testate direct la clas\u0103, \u00een cadrul Liceului Rom\u00e2no-Finlandez din Bucure\u0219ti.<br \/>\nNu este un manual rigid, ci o colec\u021bie de activit\u0103\u021bi \u0219i perspective flexibile, menite s\u0103 inspire \u0219i s\u0103 fie adaptate \u00een func\u021bie de nevoile fiec\u0103rui context educa\u021bional.<\/p>\n","protected":false},"excerpt":{"rendered":"<p>Profesorul adaptabil vremurilor Autor: Prof. Alina Gava Un ghid de bune practici care ofer\u0103 sprijin real profesorilor (\u0219i p\u0103rin\u021bilor) \u00een activitatea de zi cu zi, prin idei testate direct la clas\u0103, \u00een cadrul Liceului Rom\u00e2no-Finlandez din Bucure\u0219ti. Nu este un manual rigid, ci o colec\u021bie de activit\u0103\u021bi \u0219i perspective flexibile, menite s\u0103 inspire \u0219i s\u0103 [&hellip;]<\/p>\n","protected":false},"author":67,"featured_media":21763,"template":"","meta":{"site-sidebar-layout":"default","site-content-layout":"","ast-site-content-layout":"default","site-content-style":"default","site-sidebar-style":"default","ast-global-header-display":"","ast-banner-title-visibility":"","ast-main-header-display":"","ast-hfb-above-header-display":"","ast-hfb-below-header-display":"","ast-hfb-mobile-header-display":"","site-post-title":"","ast-breadcrumbs-content":"","ast-featured-img":"","footer-sml-layout":"","ast-disable-related-posts":"","theme-transparent-header-meta":"default","adv-header-id-meta":"","stick-header-meta":"","header-above-stick-meta":"","header-main-stick-meta":"","header-below-stick-meta":"","astra-migrate-meta-layouts":"set","ast-page-background-enabled":"default","ast-page-background-meta":{"desktop":{"background-color":"var(--ast-global-color-4)","background-image":"","background-repeat":"repeat","background-position":"center center","background-size":"auto","background-attachment":"scroll","background-type":"","background-media":"","overlay-type":"","overlay-color":"","overlay-opacity":"","overlay-gradient":""},"tablet":{"background-color":"","background-image":"","background-repeat":"repeat","background-position":"center center","background-size":"auto","background-attachment":"scroll","background-type":"","background-media":"","overlay-type":"","overlay-color":"","overlay-opacity":"","overlay-gradient":""},"mobile":{"background-color":"","background-image":"","background-repeat":"repeat","background-position":"center center","background-size":"auto","background-attachment":"scroll","background-type":"","background-media":"","overlay-type":"","overlay-color":"","overlay-opacity":"","overlay-gradient":""}},"ast-content-background-meta":{"desktop":{"background-color":"var(--ast-global-color-5)","background-image":"","background-repeat":"repeat","background-position":"center center","background-size":"auto","background-attachment":"scroll","background-type":"","background-media":"","overlay-type":"","overlay-color":"","overlay-opacity":"","overlay-gradient":""},"tablet":{"background-color":"var(--ast-global-color-5)","background-image":"","background-repeat":"repeat","background-position":"center center","background-size":"auto","background-attachment":"scroll","background-type":"","background-media":"","overlay-type":"","overlay-color":"","overlay-opacity":"","overlay-gradient":""},"mobile":{"background-color":"var(--ast-global-color-5)","background-image":"","background-repeat":"repeat","background-position":"center center","background-size":"auto","background-attachment":"scroll","background-type":"","background-media":"","overlay-type":"","overlay-color":"","overlay-opacity":"","overlay-gradient":""}}},"product_brand":[],"product_cat":[40],"product_tag":[],"class_list":{"0":"post-21248","1":"product","2":"type-product","3":"status-publish","4":"has-post-thumbnail","6":"product_cat-jocuri","7":"desktop-align-left","8":"tablet-align-left","9":"mobile-align-left","11":"first","12":"instock","13":"purchasable","14":"product-type-simple"},"aioseo_notices":[],"_links":{"self":[{"href":"https:\/\/liceulfinlandez.ro\/shop\/wp-json\/wp\/v2\/product\/21248","targetHints":{"allow":["GET"]}}],"collection":[{"href":"https:\/\/liceulfinlandez.ro\/shop\/wp-json\/wp\/v2\/product"}],"about":[{"href":"https:\/\/liceulfinlandez.ro\/shop\/wp-json\/wp\/v2\/types\/product"}],"author":[{"embeddable":true,"href":"https:\/\/liceulfinlandez.ro\/shop\/wp-json\/wp\/v2\/users\/67"}],"wp:featuredmedia":[{"embeddable":true,"href":"https:\/\/liceulfinlandez.ro\/shop\/wp-json\/wp\/v2\/media\/21763"}],"wp:attachment":[{"href":"https:\/\/liceulfinlandez.ro\/shop\/wp-json\/wp\/v2\/media?parent=21248"}],"wp:term":[{"taxonomy":"product_brand","embeddable":true,"href":"https:\/\/liceulfinlandez.ro\/shop\/wp-json\/wp\/v2\/product_brand?post=21248"},{"taxonomy":"product_cat","embeddable":true,"href":"https:\/\/liceulfinlandez.ro\/shop\/wp-json\/wp\/v2\/product_cat?post=21248"},{"taxonomy":"product_tag","embeddable":true,"href":"https:\/\/liceulfinlandez.ro\/shop\/wp-json\/wp\/v2\/product_tag?post=21248"}],"curies":[{"name":"wp","href":"https:\/\/api.w.org\/{rel}","templated":true}]}}